{"id":8132,"date":"2020-09-29T19:26:54","date_gmt":"2021-11-30T08:11:41","guid":{"rendered":"https:\/\/www.acrn.fr\/product\/torquimetro-motorizado-vortex-dv"},"modified":"2023-02-28T11:33:12","modified_gmt":"2023-02-28T10:33:12","slug":"torquimetro-motorizado-vortex-dv","status":"publish","type":"product","link":"https:\/\/acyren.fr\/es\/producto\/torquimetro-motorizado-vortex-dv\/","title":{"rendered":"Torqu\u00edmetro motorizado Mecmesin Vortex-DV"},"content":{"rendered":"<div class='content-column one_half'><h3>Los controles del VORTEX-DV<\/h3>\n<p>El Vortex-DV cuenta con un panel de control f\u00e1cil de usar para la selecci\u00f3n precisa de los par\u00e1metros de prueba. A partir de una producci\u00f3n ya probada en las \u00faltimas d\u00e9cadas, este banco cuenta con controladores completamente nuevos que garantizan un rendimiento superior a un precio atractivo.<\/p>\n<p>Puede utilizarse como unidad independiente con una pantalla digital o en combinaci\u00f3n con el software VectorPro Lite para la adquisici\u00f3n, el trazado y el an\u00e1lisis de datos con almacenamiento de los ajustes de la rutina de prueba.<br \/><\/div><br \/>\n<div class='content-column one_half last_column'><img decoding=\"async\" class=\"alignnone size-full wp-image-3082\" src=\"https:\/\/acyren.fr\/wp-content\/uploads\/2020\/09\/Sans-titre-3.png\" alt=\"\" width=\"400\" height=\"250\" srcset=\"https:\/\/acyren.fr\/wp-content\/uploads\/2020\/09\/Sans-titre-3.png 400w, https:\/\/acyren.fr\/wp-content\/uploads\/2020\/09\/Sans-titre-3-64x40.png 64w, https:\/\/acyren.fr\/wp-content\/uploads\/2020\/09\/Sans-titre-3-300x188.png 300w\" sizes=\"(max-width: 400px) 100vw, 400px\" \/><\/div><div class='clear_column'><\/div><\/p>\n<p>&nbsp;<\/p>\n<div class='content-column one_half'><img decoding=\"async\" class=\"alignnone size-full wp-image-3083\" src=\"https:\/\/acyren.fr\/wp-content\/uploads\/2020\/09\/Sans-titre-4.png\" alt=\"\" width=\"300\" height=\"300\" srcset=\"https:\/\/acyren.fr\/wp-content\/uploads\/2020\/09\/Sans-titre-4.png 300w, https:\/\/acyren.fr\/wp-content\/uploads\/2020\/09\/Sans-titre-4-100x100.png 100w, https:\/\/acyren.fr\/wp-content\/uploads\/2020\/09\/Sans-titre-4-64x64.png 64w, https:\/\/acyren.fr\/wp-content\/uploads\/2020\/09\/Sans-titre-4-150x150.png 150w\" sizes=\"(max-width: 300px) 100vw, 300px\" \/><img decoding=\"async\" class=\"alignnone size-full wp-image-3084\" src=\"https:\/\/acyren.fr\/wp-content\/uploads\/2020\/09\/Sans-titre-5.png\" alt=\"\" width=\"350\" height=\"200\" srcset=\"https:\/\/acyren.fr\/wp-content\/uploads\/2020\/09\/Sans-titre-5.png 350w, https:\/\/acyren.fr\/wp-content\/uploads\/2020\/09\/Sans-titre-5-64x37.png 64w, https:\/\/acyren.fr\/wp-content\/uploads\/2020\/09\/Sans-titre-5-300x171.png 300w\" sizes=\"(max-width: 350px) 100vw, 350px\" \/><\/p><\/div>\n<div class='content-column one_half last_column'><h3>Cree el sistema que m\u00e1s le convenga..:<\/h3>\n<p>Para configurar un sistema Vortex-DV es necesario adquirirlo por separado:<\/p>\n<ul style=\"list-style-type: square;\">\n<li>el banco de pruebas Vortex-dV: la rueda multifunci\u00f3n Vortex-dV permite seleccionar la velocidad de la prueba, el sentido de giro y los procedimientos ya almacenados: Medio ciclo \/ Ciclos m\u00faltiples \/ Activar hasta un l\u00edmite \/ Activar hasta un \u00e1ngulo<\/li>\n<li>Una selecci\u00f3n de sensores de par de 1,5 N.m, 3 N.m, 6 N.m o 10 N.m<\/li>\n<li>Pantalla de par AFTI o XA-m y cable de interfaz :<\/li>\n<\/ul>\n<p>&#8211; La pantalla AFTI, cuando se conecta al sensor de par, mide el par y captura los valores m\u00e1ximos.<\/p>\n<p>&#8211; Los resultados pueden transmitirse a un PC o a una impresora, o a su software de SPC o de calidad<\/p>\n<ul style=\"list-style-type: square;\">\n<li>Los accesorios de agarre adecuados para sus muestras: existen multitud de pinzas y accesorios para sujetar sus muestras<\/li>\n<\/ul><\/div><div class='clear_column'><\/div>\n<p>&nbsp;<\/p>\n<div class='content-column one_half'><h3>SOFTWARE VECTOR PRO LITE<\/h3>\n<ul style=\"list-style-type: square;\">\n<li>Creaci\u00f3n de programas:<\/li>\n<\/ul>\n<p>-permisos de prueba<\/p>\n<p>-operaciones de prueba<\/p>\n<p>&#8211; resultados: c\u00e1lculo de aire, media, ajuste, pico, etc.<\/p>\n<ul style=\"list-style-type: square;\">\n<li>Curvas en tiempo real:<\/li>\n<\/ul>\n<p>-C\u00e1lculo instant\u00e1neo<\/p>\n<p>&#8211; Resultado conforme\/no conforme<\/p>\n<p>-Revisiones de resultados: comparaci\u00f3n de curvas, intercambio de ejes, zoom, etc.<\/p>\n<ul style=\"list-style-type: square;\">\n<li>Procesamiento de los resultados<\/li>\n<\/ul>\n<p>-Comparaci\u00f3n de gr\u00e1ficos<\/p>\n<p>-Comparaci\u00f3n de gr\u00e1ficos<\/p>\n<p>-Exportaci\u00f3n de datos brutos o tabulados en formato Excel o PDF para informes de pruebas.<\/div>\n<div class='content-column one_half last_column'><h3>Opciones<\/h3>\n<table style=\"border-collapse: collapse; width: 100%; height: 46px;\">\n<tbody>\n<tr style=\"height: 23px;\">\n<td style=\"width: 50%; height: 23px;\">Software Vector Pro Lite<\/td>\n<td style=\"width: 50%; height: 23px;\">Conexi\u00f3n con soporte + AFG o BFG<\/td>\n<\/tr>\n<tr style=\"height: 23px;\">\n<td style=\"width: 50%; height: 23px;\">Software Vector Pro MT<\/td>\n<td style=\"width: 50%; height: 23px;\">Conexi\u00f3n con soporte + ELC (prueba de material)<\/td>\n<\/tr>\n<\/tbody>\n<\/table>\n<p><img decoding=\"async\" class=\"alignnone size-full wp-image-3313\" src=\"https:\/\/acyren.fr\/wp-content\/uploads\/2020\/09\/test.jpg\" alt=\"\" width=\"500\" height=\"500\" srcset=\"https:\/\/acyren.fr\/wp-content\/uploads\/2020\/09\/test.jpg 500w, https:\/\/acyren.fr\/wp-content\/uploads\/2020\/09\/test-480x480.jpg 480w\" sizes=\"(min-width: 0px) and (max-width: 480px) 480px, (min-width: 481px) 500px, 100vw\" \/><\/p><\/div><div class='clear_column'><\/div>\n","protected":false},"excerpt":{"rendered":"<blockquote><p>Un modelo potente y vers\u00e1til<\/p><\/blockquote>\n<p>El Vortex-DV es un torqu\u00edmetro motorizado vers\u00e1til y econ\u00f3mico que consta de un banco de pruebas de precisi\u00f3n con una amplia gama de sensores de par, una pantalla digital AFTI o XA-m y los accesorios adecuados.<\/p>\n<p>Este sistema, robusto y f\u00e1cil de usar, es ideal para su uso en el laboratorio de I+D (investigaci\u00f3n y desarrollo) y en el \u00e1rea de producci\u00f3n para el control de calidad. En comparaci\u00f3n con los equipos manuales.<\/p>\n<p>Mejora significativamente los resultados con una mejor capacidad de agarre y un control preciso de la velocidad. Adem\u00e1s, elimina las lesiones por esfuerzo repetitivo de los usuarios.<\/p>\n<p><strong>Conexi\u00f3n USB<\/strong><\/p>\n<p>Conectado a un PC con el software VECTOR PRO LITE para configurar funciones como el almacenamiento de resultados, la captura continua de datos, el trazado de curvas, los c\u00e1lculos y las estad\u00edsticas b\u00e1sicas.<\/p>\n<p><a href=\"https:\/\/acyren.fr\/wp-content\/uploads\/2020\/09\/vorxtex-fr-BD.pdf\" target=\"_blank\" rel=\"noopener\">Ficha t\u00e9cnica Vortex-DV<\/a><\/p>\n","protected":false},"featured_media":8133,"template":"","meta":{"_acf_changed":false,"_et_pb_use_builder":"","_et_pb_old_content":"","_et_gb_content_width":""},"product_brand":[],"product_cat":[216,206],"product_tag":[],"class_list":{"0":"post-8132","1":"product","2":"type-product","3":"status-publish","4":"has-post-thumbnail","6":"product_cat-torquimetros-motorizados","7":"product_cat-productos-inicio","9":"first","10":"instock","11":"shipping-taxable","12":"purchasable","13":"product-type-simple"},"acf":[],"_links":{"self":[{"href":"https:\/\/acyren.fr\/es\/wp-json\/wp\/v2\/product\/8132","targetHints":{"allow":["GET"]}}],"collection":[{"href":"https:\/\/acyren.fr\/es\/wp-json\/wp\/v2\/product"}],"about":[{"href":"https:\/\/acyren.fr\/es\/wp-json\/wp\/v2\/types\/product"}],"wp:featuredmedia":[{"embeddable":true,"href":"https:\/\/acyren.fr\/es\/wp-json\/wp\/v2\/media\/8133"}],"wp:attachment":[{"href":"https:\/\/acyren.fr\/es\/wp-json\/wp\/v2\/media?parent=8132"}],"wp:term":[{"taxonomy":"product_brand","embeddable":true,"href":"https:\/\/acyren.fr\/es\/wp-json\/wp\/v2\/product_brand?post=8132"},{"taxonomy":"product_cat","embeddable":true,"href":"https:\/\/acyren.fr\/es\/wp-json\/wp\/v2\/product_cat?post=8132"},{"taxonomy":"product_tag","embeddable":true,"href":"https:\/\/acyren.fr\/es\/wp-json\/wp\/v2\/product_tag?post=8132"}],"curies":[{"name":"wp","href":"https:\/\/api.w.org\/{rel}","templated":true}]}}