{"id":18808,"date":"2025-04-30T09:06:14","date_gmt":"2025-04-30T07:06:14","guid":{"rendered":"https:\/\/www.acrn.fr\/sensores-e-instrumentacion\/"},"modified":"2025-04-30T09:19:25","modified_gmt":"2025-04-30T07:19:25","slug":"sensores-e-instrumentacion","status":"publish","type":"page","link":"https:\/\/acyren.fr\/es\/sensores-e-instrumentacion\/","title":{"rendered":"Sensores e instrumentaci\u00f3n"},"content":{"rendered":"<p>[et_pb_section fb_built=\u00bb1&#8243; _builder_version=\u00bb4.27.4&#8243; _module_preset=\u00bbdefault\u00bb background_color=\u00bb#95cceb\u00bb locked=\u00bboff\u00bb global_colors_info=\u00bb{}\u00bb][et_pb_row _builder_version=\u00bb4.27.4&#8243; _module_preset=\u00bbdefault\u00bb global_colors_info=\u00bb{}\u00bb][et_pb_column type=\u00bb4_4&#8243; _builder_version=\u00bb4.27.4&#8243; _module_preset=\u00bbdefault\u00bb global_colors_info=\u00bb{}\u00bb][et_pb_text _builder_version=\u00bb4.27.4&#8243; _module_preset=\u00bbdefault\u00bb header_font=\u00bbheavitas||||||||\u00bb header_text_align=\u00bbcenter\u00bb header_text_color=\u00bb#215876&#8243; header_font_size=\u00bb50px\u00bb header_letter_spacing=\u00bb1px\u00bb header_line_height=\u00bb1.5em\u00bb header_2_text_color=\u00bb#215876&#8243; width=\u00bb54%\u00bb module_alignment=\u00bbcenter\u00bb global_colors_info=\u00bb{}\u00bb]<\/p>\n<h1 style=\"text-align: center\">Sensores e instrumentaci\u00f3n<\/h1>\n<p style=\"text-align: center\"><span style=\"color: #000000\">Descubra nuestra completa gama de instrumentos de control de par y medici\u00f3n de fuerza de precisi\u00f3n, especialmente dise\u00f1ados para satisfacer los requisitos industriales m\u00e1s exigentes.<\/span><\/p>\n<p>[\/et_pb_text][dsm_icon_list icon_font_size=\u00bb26px\u00bb list_layout=\u00bbhorizontal\u00bb list_alignment=\u00bbcenter\u00bb list_space_between=\u00bb50px\u00bb text_indent=\u00bb9px\u00bb _builder_version=\u00bb4.27.4&#8243; _module_preset=\u00bbdefault\u00bb text_text_color=\u00bb#000000&#8243; global_colors_info=\u00bb{}\u00bb][dsm_icon_list_child text=\u00bbAlta precisi\u00f3n\u00bb font_icon=\u00bb&#xf78c;||fa||900&#8243; _builder_version=\u00bb4.27.4&#8243; _module_preset=\u00bbdefault\u00bb global_colors_info=\u00bb{}\u00bb][\/dsm_icon_list_child][dsm_icon_list_child text=\u00bbSoluciones a medida\u00bb font_icon=\u00bb&#xf0eb;||fa||900&#8243; _builder_version=\u00bb4.27.4&#8243; _module_preset=\u00bbdefault\u00bb global_colors_info=\u00bb{}\u00bb][\/dsm_icon_list_child][dsm_icon_list_child text=\u00bbfiabilidad\u00bb font_icon=\u00bb&#xe036;||divi||400&#8243; _builder_version=\u00bb4.27.4&#8243; _module_preset=\u00bbdefault\u00bb global_colors_info=\u00bb{}\u00bb][\/dsm_icon_list_child][\/dsm_icon_list][\/et_pb_column][\/et_pb_row][\/et_pb_section][et_pb_section fb_built=\u00bb1&#8243; _builder_version=\u00bb4.27.4&#8243; _module_preset=\u00bbdefault\u00bb background_color=\u00bb#f4f4f4&#8243; locked=\u00bboff\u00bb global_colors_info=\u00bb{}\u00bb][et_pb_row _builder_version=\u00bb4.27.4&#8243; _module_preset=\u00bbdefault\u00bb global_colors_info=\u00bb{}\u00bb][et_pb_column type=\u00bb4_4&#8243; _builder_version=\u00bb4.27.4&#8243; _module_preset=\u00bbdefault\u00bb global_colors_info=\u00bb{}\u00bb][et_pb_text _builder_version=\u00bb4.27.4&#8243; _module_preset=\u00bbdefault\u00bb header_text_align=\u00bbcenter\u00bb header_2_font=\u00bbheavitas||||||||\u00bb header_2_text_color=\u00bb#215876&#8243; header_2_font_size=\u00bb30px\u00bb text_orientation=\u00bbjustified\u00bb width=\u00bb100%\u00bb module_alignment=\u00bbcenter\u00bb global_colors_info=\u00bb{}\u00bb]<\/p>\n<h2 style=\"text-align: center\">Nuestra experiencia en sensores e instrumentaci\u00f3n<\/h2>\n<p>&nbsp;<\/p>\n<p data-pm-slice=\"1 1 []\"><span style=\"color: #000000\">Ofrecemos una gama completa de instrumentos industriales dedicados a la medici\u00f3n de par, transductores de fuerza y controles asociados, que satisfacen todas sus necesidades industriales. Nuestras soluciones ofrecen precisi\u00f3n, fiabilidad y facilidad de uso, garantizando mediciones precisas y repetibles en todos sus procesos de fabricaci\u00f3n y control de calidad.<\/span><\/p>\n<p><span style=\"color: #000000\">La medici\u00f3n de pares y fuerzas mec\u00e1nicas es esencial en la fabricaci\u00f3n de muchos productos. Ya sea para control de calidad, seguridad o cumplimiento de normativas, nuestros equipos garantizan resultados uniformes y precisos en todas sus aplicaciones industriales.<\/span><\/p>\n<p><span style=\"color: #000000\">Al elegir nuestros instrumentos, est\u00e1 optando por soluciones fiables, robustas y f\u00e1ciles de manejar, adecuadas tanto para el laboratorio como para un uso intensivo en la producci\u00f3n. Mejore su rendimiento industrial garantizando una calidad y seguridad \u00f3ptimas y la satisfacci\u00f3n final de sus clientes gracias a nuestras herramientas de medici\u00f3n precisas y de alto rendimiento.<\/span><\/p>\n<p>[\/et_pb_text][\/et_pb_column][\/et_pb_row][et_pb_row column_structure=\u00bb1_3,1_3,1_3&#8243; make_equal=\u00bbon\u00bb _builder_version=\u00bb4.27.4&#8243; _module_preset=\u00bbdefault\u00bb locked=\u00bboff\u00bb global_colors_info=\u00bb{}\u00bb][et_pb_column type=\u00bb1_3&#8243; _builder_version=\u00bb4.27.4&#8243; _module_preset=\u00bbdefault\u00bb background_color=\u00bb#215876&#8243; custom_padding=\u00bb|0px||0px|false|false\u00bb custom_css_main_element=\u00bbdisplay:flex;||flex-direction:column;\u00bb border_radii=\u00bbon|10px|10px|10px|10px\u00bb box_shadow_style=\u00bbpreset1&#8243; global_colors_info=\u00bb{}\u00bb][ba_image_carousel content_alignment=\u00bbcenter\u00bb is_autoplay=\u00bboff\u00bb use_nav=\u00bboff\u00bb slide_count=\u00bb1&#8243; nav_height=\u00bb48px\u00bb nav_width=\u00bb48px\u00bb nav_color=\u00bb#ffffff\u00bb nav_bg=\u00bb#3979ff\u00bb icon_left=\u00bb&#xf104;||fa||900&#8243; icon_right=\u00bb&#xf105;||fa||900&#8243; admin_label=\u00bbImage Carousel\u00bb _builder_version=\u00bb4.27.4&#8243; _module_preset=\u00bbdefault\u00bb custom_margin=\u00bb-15%|-5%||-5%|false|false\u00bb custom_padding=\u00bb||||false|false\u00bb locked=\u00bboff\u00bb global_colors_info=\u00bb{}\u00bb][ba_image_carousel_child photo=\u00bbhttps:\/\/acyren.fr\/wp-content\/uploads\/2021\/06\/Cellule-de-force-haute-capacite\u0301.jpg\u00bb photo_alt=\u00bbsensor de fuerza\u00bb _builder_version=\u00bb4.27.4&#8243; _module_preset=\u00bbdefault\u00bb global_colors_info=\u00bb{}\u00bb][\/ba_image_carousel_child][\/ba_image_carousel][et_pb_text _builder_version=\u00bb4.27.4&#8243; _module_preset=\u00bbdefault\u00bb text_text_color=\u00bb#FFFFFF\u00bb header_text_color=\u00bb#FFFFFF\u00bb header_3_font=\u00bbheavitas||||||||\u00bb header_3_text_color=\u00bb#FFFFFF\u00bb header_3_font_size=\u00bb20px\u00bb background_enable_image=\u00bboff\u00bb custom_padding=\u00bb5%|7%||7%|false|false\u00bb locked=\u00bboff\u00bb global_colors_info=\u00bb{}\u00bb]<\/p>\n<h3>Sensor de fuerza<\/h3>\n<p>&nbsp;<\/p>\n<p>[\/et_pb_text][et_pb_text _builder_version=\u00bb4.27.4&#8243; _module_preset=\u00bbdefault\u00bb header_4_font=\u00bbheavitas||||||||\u00bb header_4_text_align=\u00bbleft\u00bb header_4_text_color=\u00bb#FFFFFF\u00bb header_4_font_size=\u00bb15px\u00bb custom_margin=\u00bb0px||||false|false\u00bb custom_padding=\u00bb|7%||7%|false|false\u00bb global_colors_info=\u00bb{}\u00bb]<\/p>\n<h4>Caracter\u00edsticas principales<\/h4>\n<p>[\/et_pb_text][dsm_icon_list icon_color=\u00bb#FFFFFF\u00bb _builder_version=\u00bb4.27.4&#8243; _module_preset=\u00bbdefault\u00bb text_text_color=\u00bb#FFFFFF\u00bb custom_margin=\u00bb0px|||20px|false|false\u00bb global_colors_info=\u00bb{}\u00bb][dsm_icon_list_child text=\u00bbMedici\u00f3n de alta precisi\u00f3n\u00bb font_icon=\u00bb&#x35;||divi||400&#8243; _builder_version=\u00bb4.27.4&#8243; _module_preset=\u00bbdefault\u00bb text_text_color=\u00bb#FFFFFF\u00bb global_colors_info=\u00bb{}\u00bb][\/dsm_icon_list_child][dsm_icon_list_child text=\u00bbAmplia gama de sensores\u00bb font_icon=\u00bb&#x35;||divi||400&#8243; _builder_version=\u00bb4.27.4&#8243; _module_preset=\u00bbdefault\u00bb text_text_color=\u00bb#FFFFFF\u00bb global_colors_info=\u00bb{}\u00bb][\/dsm_icon_list_child][dsm_icon_list_child text=\u00bbF\u00e1cil integraci\u00f3n\u00bb font_icon=\u00bb&#x35;||divi||400&#8243; _builder_version=\u00bb4.27.4&#8243; _module_preset=\u00bbdefault\u00bb text_text_color=\u00bb#FFFFFF\u00bb global_colors_info=\u00bb{}\u00bb][\/dsm_icon_list_child][\/dsm_icon_list][et_pb_button button_url=\u00bbhttps:\/\/acyren.fr\/es\/sensor-de-fuerza\/\u00bb button_text=\u00bbSeguir leyendo \u00bb _builder_version=\u00bb4.27.4&#8243; _module_preset=\u00bbdefault\u00bb custom_button=\u00bbon\u00bb button_text_color=\u00bb#215876&#8243; button_bg_color=\u00bb#FFFFFF\u00bb button_border_color=\u00bbRGBA(255,255,255,0)\u00bb button_border_radius=\u00bb16px\u00bb button_font=\u00bb|700|||||||\u00bb custom_margin=\u00bbauto|||20px|false|false\u00bb global_colors_info=\u00bb{}\u00bb][\/et_pb_button][dipi_price_list _builder_version=\u00bb4.27.4&#8243; _module_preset=\u00bbdefault\u00bb global_colors_info=\u00bb{}\u00bb][\/dipi_price_list][\/et_pb_column][et_pb_column type=\u00bb1_3&#8243; _builder_version=\u00bb4.27.4&#8243; _module_preset=\u00bbdefault\u00bb background_color=\u00bb#215876&#8243; custom_padding=\u00bb|0px||0px|false|false\u00bb custom_css_main_element=\u00bbdisplay:flex;||flex-direction:column;\u00bb border_radii=\u00bbon|10px|10px|10px|10px\u00bb box_shadow_style=\u00bbpreset1&#8243; global_colors_info=\u00bb{}\u00bb][ba_image_carousel content_alignment=\u00bbcenter\u00bb is_autoplay=\u00bboff\u00bb use_nav=\u00bboff\u00bb slide_count=\u00bb1&#8243; nav_height=\u00bb48px\u00bb nav_width=\u00bb48px\u00bb nav_color=\u00bb#ffffff\u00bb nav_bg=\u00bb#3979ff\u00bb icon_left=\u00bb&#xf104;||fa||900&#8243; icon_right=\u00bb&#xf105;||fa||900&#8243; _builder_version=\u00bb4.27.4&#8243; _module_preset=\u00bbdefault\u00bb custom_margin=\u00bb-15%|-5%||-5%|false|false\u00bb custom_padding=\u00bb||||false|false\u00bb locked=\u00bboff\u00bb global_colors_info=\u00bb{}\u00bb][ba_image_carousel_child photo=\u00bbhttps:\/\/acyren.fr\/wp-content\/uploads\/2021\/05\/Photo-B.jpg\u00bb photo_alt=\u00bbcontrol de par\u00bb _builder_version=\u00bb4.27.4&#8243; _module_preset=\u00bbdefault\u00bb global_colors_info=\u00bb{}\u00bb][\/ba_image_carousel_child][\/ba_image_carousel][et_pb_text _builder_version=\u00bb4.27.4&#8243; _module_preset=\u00bbdefault\u00bb text_text_color=\u00bb#FFFFFF\u00bb header_text_color=\u00bb#FFFFFF\u00bb header_3_font=\u00bbheavitas||||||||\u00bb header_3_text_color=\u00bb#FFFFFF\u00bb header_3_font_size=\u00bb20px\u00bb background_enable_image=\u00bboff\u00bb custom_padding=\u00bb5%|7%||7%|false|false\u00bb locked=\u00bboff\u00bb global_colors_info=\u00bb{}\u00bb]<\/p>\n<h3>Control de par<\/h3>\n<p>&nbsp;<\/p>\n<p>[\/et_pb_text][et_pb_text _builder_version=\u00bb4.27.4&#8243; _module_preset=\u00bbdefault\u00bb header_4_font=\u00bbheavitas||||||||\u00bb header_4_text_align=\u00bbleft\u00bb header_4_text_color=\u00bb#FFFFFF\u00bb header_4_font_size=\u00bb15px\u00bb custom_margin=\u00bb||||false|false\u00bb custom_padding=\u00bb|7%||7%|false|false\u00bb global_colors_info=\u00bb{}\u00bb]<\/p>\n<h4>Caracter\u00edsticas principales<\/h4>\n<p>[\/et_pb_text][dsm_icon_list icon_color=\u00bb#FFFFFF\u00bb _builder_version=\u00bb4.27.4&#8243; _module_preset=\u00bbdefault\u00bb text_text_color=\u00bb#FFFFFF\u00bb custom_margin=\u00bb0px|||20px|false|false\u00bb global_colors_info=\u00bb{}\u00bb][dsm_icon_list_child text=\u00bbPrecisi\u00f3n de apriete\/desapriete\u00bb font_icon=\u00bb&#x35;||divi||400&#8243; _builder_version=\u00bb4.27.4&#8243; _module_preset=\u00bbdefault\u00bb global_colors_info=\u00bb{}\u00bb][\/dsm_icon_list_child][dsm_icon_list_child text=\u00bbCompatibilidad de los equipos\u00bb font_icon=\u00bb&#x35;||divi||400&#8243; _builder_version=\u00bb4.27.4&#8243; _module_preset=\u00bbdefault\u00bb global_colors_info=\u00bb{}\u00bb][\/dsm_icon_list_child][dsm_icon_list_child text=\u00bbSoluciones a medida\u00bb font_icon=\u00bb&#x35;||divi||400&#8243; _builder_version=\u00bb4.27.4&#8243; _module_preset=\u00bbdefault\u00bb global_colors_info=\u00bb{}\u00bb][\/dsm_icon_list_child][\/dsm_icon_list][et_pb_button button_url=\u00bbhttps:\/\/acyren.fr\/es\/producto\/controlador-de-par-bajo-el-destornillador\/\u00bb button_text=\u00bbSeguir leyendo \u00bb _builder_version=\u00bb4.27.4&#8243; _module_preset=\u00bbdefault\u00bb custom_button=\u00bbon\u00bb button_text_color=\u00bb#215876&#8243; button_bg_color=\u00bb#FFFFFF\u00bb button_border_color=\u00bbRGBA(255,255,255,0)\u00bb button_border_radius=\u00bb16px\u00bb button_font=\u00bb|700|||||||\u00bb custom_margin=\u00bbauto|||20px|false|false\u00bb global_colors_info=\u00bb{}\u00bb][\/et_pb_button][dipi_price_list _builder_version=\u00bb4.27.4&#8243; _module_preset=\u00bbdefault\u00bb global_colors_info=\u00bb{}\u00bb][\/dipi_price_list][\/et_pb_column][et_pb_column type=\u00bb1_3&#8243; _builder_version=\u00bb4.27.4&#8243; _module_preset=\u00bbdefault\u00bb background_color=\u00bb#215876&#8243; custom_padding=\u00bb|0px||0px|false|false\u00bb custom_css_main_element=\u00bbdisplay:flex;||flex-direction:column;\u00bb border_radii=\u00bbon|10px|10px|10px|10px\u00bb box_shadow_style=\u00bbpreset1&#8243; global_colors_info=\u00bb{}\u00bb][ba_image_carousel content_alignment=\u00bbcenter\u00bb is_autoplay=\u00bboff\u00bb use_nav=\u00bboff\u00bb slide_count=\u00bb1&#8243; nav_height=\u00bb48px\u00bb nav_width=\u00bb48px\u00bb nav_color=\u00bb#ffffff\u00bb nav_bg=\u00bb#3979ff\u00bb icon_left=\u00bb&#xf104;||fa||900&#8243; icon_right=\u00bb&#xf105;||fa||900&#8243; _builder_version=\u00bb4.27.4&#8243; _module_preset=\u00bbdefault\u00bb custom_margin=\u00bb-15%|-5%||-5%|false|false\u00bb custom_padding=\u00bb||||false|false\u00bb locked=\u00bboff\u00bb global_colors_info=\u00bb{}\u00bb][ba_image_carousel_child photo=\u00bbhttps:\/\/acyren.fr\/wp-content\/uploads\/2020\/09\/pho-ins-console_XAm-1-BD.jpg\u00bb photo_alt=\u00bbconsola de medici\u00f3n\u00bb _builder_version=\u00bb4.27.4&#8243; _module_preset=\u00bbdefault\u00bb global_colors_info=\u00bb{}\u00bb][\/ba_image_carousel_child][\/ba_image_carousel][et_pb_text _builder_version=\u00bb4.27.4&#8243; _module_preset=\u00bbdefault\u00bb text_text_color=\u00bb#FFFFFF\u00bb header_text_color=\u00bb#FFFFFF\u00bb header_3_font=\u00bbheavitas||||||||\u00bb header_3_text_color=\u00bb#FFFFFF\u00bb header_3_font_size=\u00bb20px\u00bb background_enable_image=\u00bboff\u00bb custom_padding=\u00bb5%|7%||7%|false|false\u00bb locked=\u00bboff\u00bb global_colors_info=\u00bb{}\u00bb]<\/p>\n<h3>Consola de medici\u00f3n y adquisici\u00f3n<\/h3>\n<p>[\/et_pb_text][et_pb_text _builder_version=\u00bb4.27.4&#8243; _module_preset=\u00bbdefault\u00bb header_text_color=\u00bb#FFFFFF\u00bb header_4_font=\u00bbheavitas||||||||\u00bb header_4_text_align=\u00bbleft\u00bb header_4_text_color=\u00bb#FFFFFF\u00bb header_4_font_size=\u00bb15px\u00bb custom_margin=\u00bb||||false|false\u00bb custom_padding=\u00bb|7%||7%|false|false\u00bb global_colors_info=\u00bb{}\u00bb]<\/p>\n<h4>Caracter\u00edsticas principales<\/h4>\n<p>[\/et_pb_text][dsm_icon_list icon_color=\u00bb#FFFFFF\u00bb _builder_version=\u00bb4.27.4&#8243; _module_preset=\u00bbdefault\u00bb text_text_color=\u00bb#FFFFFF\u00bb custom_margin=\u00bb0px|||20px|false|false\u00bb global_colors_info=\u00bb{}\u00bb][dsm_icon_list_child text=\u00bbVisualizaci\u00f3n instant\u00e1nea\u00bb font_icon=\u00bb&#x35;||divi||400&#8243; _builder_version=\u00bb4.27.4&#8243; _module_preset=\u00bbdefault\u00bb global_colors_info=\u00bb{}\u00bb][\/dsm_icon_list_child][dsm_icon_list_child text=\u00bbAlmacenamiento y exportaci\u00f3n\u00bb font_icon=\u00bb&#x35;||divi||400&#8243; _builder_version=\u00bb4.27.4&#8243; _module_preset=\u00bbdefault\u00bb global_colors_info=\u00bb{}\u00bb][\/dsm_icon_list_child][dsm_icon_list_child text=\u00bbCompatibilidad de los sensores\u00bb font_icon=\u00bb&#x35;||divi||400&#8243; _builder_version=\u00bb4.27.4&#8243; _module_preset=\u00bbdefault\u00bb global_colors_info=\u00bb{}\u00bb][\/dsm_icon_list_child][\/dsm_icon_list][et_pb_button button_url=\u00bbhttps:\/\/acyren.fr\/es\/consola-de-medicion\/\u00bb button_text=\u00bbSeguir leyendo \u00bb _builder_version=\u00bb4.27.4&#8243; _module_preset=\u00bbdefault\u00bb custom_button=\u00bbon\u00bb button_text_color=\u00bb#215876&#8243; button_bg_color=\u00bb#FFFFFF\u00bb button_border_color=\u00bbRGBA(255,255,255,0)\u00bb button_border_radius=\u00bb16px\u00bb button_font=\u00bb|700|||||||\u00bb custom_margin=\u00bbauto|||20px|false|false\u00bb global_colors_info=\u00bb{}\u00bb][\/et_pb_button][dipi_price_list _builder_version=\u00bb4.27.4&#8243; _module_preset=\u00bbdefault\u00bb global_colors_info=\u00bb{}\u00bb][\/dipi_price_list][\/et_pb_column][\/et_pb_row][\/et_pb_section][et_pb_section fb_built=\u00bb1&#8243; _builder_version=\u00bb4.27.4&#8243; _module_preset=\u00bbdefault\u00bb locked=\u00bboff\u00bb global_colors_info=\u00bb{}\u00bb][et_pb_row _builder_version=\u00bb4.27.4&#8243; _module_preset=\u00bbdefault\u00bb locked=\u00bboff\u00bb global_colors_info=\u00bb{}\u00bb][et_pb_column type=\u00bb4_4&#8243; _builder_version=\u00bb4.27.4&#8243; _module_preset=\u00bbdefault\u00bb global_colors_info=\u00bb{}\u00bb][et_pb_text _builder_version=\u00bb4.27.4&#8243; _module_preset=\u00bbdefault\u00bb header_2_font=\u00bbheavitas||||||||\u00bb header_2_text_color=\u00bbgcid-primary-color\u00bb header_2_font_size=\u00bb24px\u00bb global_colors_info=\u00bb{%22gcid-primary-color%22:%91%22header_2_text_color%22%93}\u00bb]<\/p>\n<h2>Principales sectores de actividad<\/h2>\n<p>[\/et_pb_text][\/et_pb_column][\/et_pb_row][et_pb_row column_structure=\u00bb1_3,1_3,1_3&#8243; make_equal=\u00bbon\u00bb _builder_version=\u00bb4.27.4&#8243; _module_preset=\u00bbdefault\u00bb locked=\u00bboff\u00bb global_colors_info=\u00bb{}\u00bb][et_pb_column type=\u00bb1_3&#8243; _builder_version=\u00bb4.27.4&#8243; _module_preset=\u00bbdefault\u00bb custom_padding=\u00bb|0px||0px|false|false\u00bb border_radii=\u00bbon|10px|10px|10px|10px\u00bb box_shadow_style=\u00bbpreset1&#8243; global_colors_info=\u00bb{}\u00bb][et_pb_image src=\u00bbhttps:\/\/acyren.fr\/wp-content\/uploads\/2025\/03\/Industria-Cosmeticos-es.png\u00bb alt=\u00bbIndustria Cosm\u00e9ticos\u00bb title_text=\u00bbIndustria Cosm\u00e9ticos es\u00bb _builder_version=\u00bb4.27.4&#8243; _module_preset=\u00bbdefault\u00bb global_colors_info=\u00bb{}\u00bb][\/et_pb_image][\/et_pb_column][et_pb_column type=\u00bb1_3&#8243; _builder_version=\u00bb4.27.4&#8243; _module_preset=\u00bbdefault\u00bb custom_padding=\u00bb|0px||0px|false|false\u00bb border_radii=\u00bbon|10px|10px|10px|10px\u00bb box_shadow_style=\u00bbpreset1&#8243; global_colors_info=\u00bb{}\u00bb][et_pb_image src=\u00bbhttps:\/\/acyren.fr\/wp-content\/uploads\/2025\/03\/farmaceutico-industria-es-2.png\u00bb alt=\u00bbfarmaceutico industria\u00bb title_text=\u00bbfarmaceutico industria es\u00bb _builder_version=\u00bb4.27.4&#8243; _module_preset=\u00bbdefault\u00bb global_colors_info=\u00bb{}\u00bb][\/et_pb_image][\/et_pb_column][et_pb_column type=\u00bb1_3&#8243; _builder_version=\u00bb4.27.4&#8243; _module_preset=\u00bbdefault\u00bb custom_padding=\u00bb|0px||0px|false|false\u00bb border_radii=\u00bbon|10px|10px|10px|10px\u00bb box_shadow_style=\u00bbpreset1&#8243; global_colors_info=\u00bb{}\u00bb][et_pb_image src=\u00bbhttps:\/\/acyren.fr\/wp-content\/uploads\/2025\/03\/Industria-AGRI-ALIMENTARE-es.png\u00bb alt=\u00bbIndustria AGRI-ALIMENTARE\u00bb title_text=\u00bbIndustria AGRI-ALIMENTARE es\u00bb _builder_version=\u00bb4.27.4&#8243; _module_preset=\u00bbdefault\u00bb global_colors_info=\u00bb{}\u00bb][\/et_pb_image][\/et_pb_column][\/et_pb_row][et_pb_row _builder_version=\u00bb4.27.4&#8243; _module_preset=\u00bbdefault\u00bb global_colors_info=\u00bb{}\u00bb][et_pb_column type=\u00bb4_4&#8243; _builder_version=\u00bb4.27.4&#8243; _module_preset=\u00bbdefault\u00bb global_colors_info=\u00bb{}\u00bb][ba_alert icon=\u00bb&#x72;||divi||400&#8243; title=\u00bbATENCI\u00d3N\u00bb description=\u00bb<\/p>\n<p>Estas son nuestras principales \u00e1reas de especializaci\u00f3n, pero nuestras soluciones pueden adaptarse a muchos otros sectores industriales. P\u00f3ngase en contacto con nosotros para hablar de sus necesidades espec\u00edficas, sea cual sea su sector.<\/p>\n<p>\u00bb alert_type=\u00bbwarning\u00bb show_dismiss=\u00bboff\u00bb icon_size=\u00bb34px\u00bb icon_color=\u00bb#ee7f00&#8243; icon_spacing=\u00bb15px\u00bb _builder_version=\u00bb4.27.4&#8243; _module_preset=\u00bbdefault\u00bb title_font=\u00bb|700|||||||\u00bb title_text_color=\u00bb#FFFFFF\u00bb title_font_size=\u00bb  16px\u00bb title_line_height=\u00bb1.4em\u00bb body_text_color=\u00bb#FFFFFF\u00bb body_line_height=\u00bb1.6em\u00bb background_color=\u00bb#215876&#8243; width=\u00bb100%\u00bb hover_enabled=\u00bb0&#8243; border_radii_main=\u00bbon|10px|10px|10px|10px\u00bb box_shadow_style=\u00bbpreset1&#8243; global_colors_info=\u00bb{}\u00bb sticky_enabled=\u00bb0&#8243;][\/ba_alert][\/et_pb_column][\/et_pb_row][\/et_pb_section][et_pb_section fb_built=\u00bb1&#8243; _builder_version=\u00bb4.27.4&#8243; _module_preset=\u00bbdefault\u00bb global_module=\u00bb18712&#8243; locked=\u00bboff\u00bb global_colors_info=\u00bb{}\u00bb][et_pb_row _builder_version=\u00bb4.27.4&#8243; _module_preset=\u00bbdefault\u00bb max_width=\u00bb800px\u00bb global_colors_info=\u00bb{}\u00bb][et_pb_column type=\u00bb4_4&#8243; _builder_version=\u00bb4.27.4&#8243; _module_preset=\u00bbdefault\u00bb global_colors_info=\u00bb{}\u00bb][et_pb_text _builder_version=\u00bb4.27.4&#8243; _module_preset=\u00bbdefault\u00bb text_text_color=\u00bb#000000&#8243; text_font_size=\u00bb16px\u00bb header_4_font=\u00bbheavitas||||||||\u00bb header_4_text_align=\u00bbcenter\u00bb header_4_text_color=\u00bb#215876&#8243; text_orientation=\u00bbcenter\u00bb global_colors_info=\u00bb{}\u00bb]<\/p>\n<h4>\u00bfNecesita m\u00e1s informaci\u00f3n?<\/h4>\n<p>Nuestros expertos est\u00e1n a su disposici\u00f3n para responder a sus preguntas y ayudarle a elegir la soluci\u00f3n que mejor se adapte a sus necesidades.<\/p>\n<p>[\/et_pb_text][ba_dual_button btn_alignment=\u00bbcenter\u00bb btn_a_text=\u00bbcontact@acrn.fr\u00bb btn_b_text=\u00bb+33 2 32 80 81 40&#8243; button_gap=\u00bb10px\u00bb module_class=\u00bbfaux-bouton\u00bb _builder_version=\u00bb4.27.4&#8243; _module_preset=\u00bbdefault\u00bb custom_btn_a=\u00bbon\u00bb btn_a_text_size=\u00bb1rem\u00bb btn_a_text_color=\u00bb#ffffff\u00bb btn_a_bg_color=\u00bb#215876&#8243; btn_a_border_color=\u00bbRGBA(255,255,255,0)\u00bb btn_a_border_radius=\u00bb10px\u00bb btn_a_icon=\u00bb&#xe010;||divi||400&#8243; btn_a_icon_color=\u00bb#FFFFFF\u00bb btn_a_icon_placement=\u00bbleft\u00bb btn_a_on_hover=\u00bboff\u00bb custom_btn_b=\u00bbon\u00bb btn_b_text_size=\u00bb1rem\u00bb btn_b_text_color=\u00bb#215876&#8243; btn_b_bg_color=\u00bb#FFFFFF\u00bb btn_b_border_color=\u00bbRGBA(255,255,255,0)\u00bb btn_b_border_radius=\u00bb5px\u00bb btn_b_icon=\u00bb&#xe090;||divi||400&#8243; btn_b_icon_color=\u00bb#215876&#8243; btn_b_icon_placement=\u00bbleft\u00bb btn_b_on_hover=\u00bboff\u00bb custom_css_free_form=\u00bb.faux-bouton {||  pointer-events: none; \/* d\u00e9sactive le clic *\/||  cursor: default; \/* curseur normal *\/||}||||.faux-bouton .et_pb_button {||  background-color: #007bff; \/* couleur du bouton *\/||  color: #ffffff; \/* couleur du texte *\/||  border-radius: 30px;||  padding: 10px 20px;||  font-weight: bold;||  font-size: 16px;||  box-shadow: 0 4px 6px rgba(0,0,0,0.1);||  transition: background-color 0.3s ease;||}||||.faux-bouton .et_pb_button:hover {||  background-color: #0056b3; \/* couleur au hover *\/||}||\u00bb box_shadow_style_btn_a=\u00bbpreset1&#8243; box_shadow_style_btn_b=\u00bbpreset1&#8243; locked=\u00bboff\u00bb global_colors_info=\u00bb{}\u00bb][\/ba_dual_button][\/et_pb_column][\/et_pb_row][\/et_pb_section]<\/p>\n","protected":false},"excerpt":{"rendered":"<p>Sensores e instrumentaci\u00f3n Descubra nuestra completa gama de instrumentos de control de par y medici\u00f3n de fuerza de precisi\u00f3n, especialmente dise\u00f1ados para satisfacer los requisitos industriales m\u00e1s exigentes.<div class=\"et_pb_module dsm_icon_list dsm_icon_list_0\">\n\t\t\t\t\n\t\t\t\t\n\t\t\t\t\n\t\t\t\t\n\t\t\t\t\n\t\t\t\t\n\t\t\t\t<div class=\"et_pb_module_inner\">\n\t\t\t\t\t<ul class=\"dsm_icon_list_items dsm_icon_list_ltr_direction dsm_icon_list_layout_horizontal\"><li class=\"dsm_icon_list_child dsm_icon_list_child_0\">\n\t\t\t\t\n\t\t\t\t\n\t\t\t\t\n\t\t\t\t\n\t\t\t\t<span class=\"dsm_icon_list_wrapper\"><span class=\"dsm_icon_list_icon\">\uf78c<\/span><\/span><span class=\"dsm_icon_list_text\">Alta precisi\u00f3n<\/span>\n\t\t\t<\/li><li class=\"dsm_icon_list_child dsm_icon_list_child_1\">\n\t\t\t\t\n\t\t\t\t\n\t\t\t\t\n\t\t\t\t\n\t\t\t\t<span class=\"dsm_icon_list_wrapper\"><span class=\"dsm_icon_list_icon\">\uf0eb<\/span><\/span><span class=\"dsm_icon_list_text\">Soluciones a medida<\/span>\n\t\t\t<\/li><li class=\"dsm_icon_list_child dsm_icon_list_child_2\">\n\t\t\t\t\n\t\t\t\t\n\t\t\t\t\n\t\t\t\t\n\t\t\t\t<span class=\"dsm_icon_list_wrapper\"><span class=\"dsm_icon_list_icon\">\ue036<\/span><\/span><span class=\"dsm_icon_list_text\">fiabilidad<\/span>\n\t\t\t<\/li><\/ul>\n\t\t\t\t<\/div>\n\t\t\t<\/div>Nuestra [&hellip;]<\/p>\n","protected":false},"author":3,"featured_media":0,"parent":0,"menu_order":0,"comment_status":"closed","ping_status":"closed","template":"","meta":{"_acf_changed":false,"_et_pb_use_builder":"on","_et_pb_old_content":"","_et_gb_content_width":"","footnotes":""},"dipi_cpt_category":[],"class_list":["post-18808","page","type-page","status-publish","hentry"],"acf":[],"_links":{"self":[{"href":"https:\/\/acyren.fr\/es\/wp-json\/wp\/v2\/pages\/18808","targetHints":{"allow":["GET"]}}],"collection":[{"href":"https:\/\/acyren.fr\/es\/wp-json\/wp\/v2\/pages"}],"about":[{"href":"https:\/\/acyren.fr\/es\/wp-json\/wp\/v2\/types\/page"}],"author":[{"embeddable":true,"href":"https:\/\/acyren.fr\/es\/wp-json\/wp\/v2\/users\/3"}],"replies":[{"embeddable":true,"href":"https:\/\/acyren.fr\/es\/wp-json\/wp\/v2\/comments?post=18808"}],"version-history":[{"count":0,"href":"https:\/\/acyren.fr\/es\/wp-json\/wp\/v2\/pages\/18808\/revisions"}],"wp:attachment":[{"href":"https:\/\/acyren.fr\/es\/wp-json\/wp\/v2\/media?parent=18808"}],"wp:term":[{"taxonomy":"dipi_cpt_category","embeddable":true,"href":"https:\/\/acyren.fr\/es\/wp-json\/wp\/v2\/dipi_cpt_category?post=18808"}],"curies":[{"name":"wp","href":"https:\/\/api.w.org\/{rel}","templated":true}]}}